{"id":3,"date":"2025-08-10T08:45:29","date_gmt":"2025-08-10T08:45:29","guid":{"rendered":"http:\/\/xn--mtkalejeneratr-7pb.com\/?page_id=3"},"modified":"2025-08-27T15:57:45","modified_gmt":"2025-08-27T12:57:45","slug":"gizlilik-politikasi","status":"publish","type":"page","link":"https:\/\/xn--mtkalejeneratr-7pb.com\/?page_id=3","title":{"rendered":"Gizlilik politikas\u0131"},"content":{"rendered":"\n<h2 class=\"wp-block-heading\">Gizlilik Politikas\u0131<\/h2>\n\n\n\n<h2 class=\"wp-block-heading\">Biz Kimiz<\/h2>\n\n\n\n<p>Web sitemizin adresi: <strong><a>https:\/\/mtkalejenerat\u00f6r.com<\/a><\/strong><\/p>\n\n\n\n<h2 class=\"wp-block-heading\">Yorumlar<\/h2>\n\n\n\n<p>Ziyaret\u00e7iler sitemizde yorum b\u0131rakt\u0131\u011f\u0131nda, yorum formunda g\u00f6r\u00fcnen verilerle birlikte, ziyaret\u00e7inin IP adresi ve taray\u0131c\u0131 kullan\u0131c\u0131 bilgisi spam tespitine yard\u0131mc\u0131 olmak amac\u0131yla toplan\u0131r.<\/p>\n\n\n\n<p>E-posta adresinizden olu\u015fturulan anonimle\u015ftirilmi\u015f bir dize (hash), Gravatar hizmetine sa\u011flanabilir. Gravatar hizmetinin gizlilik politikas\u0131na buradan ula\u015fabilirsiniz <strong><a>https:\/\/mtkalejenerat\u00f6r.com<\/a><\/strong> Yorumunuz onayland\u0131ktan sonra, profil resminiz yorumunuzla birlikte herkes taraf\u0131ndan g\u00f6r\u00fclebilir.<\/p>\n\n\n\n<h2 class=\"wp-block-heading\">Medya<\/h2>\n\n\n\n<p>Web sitemize resim y\u00fcklerseniz, g\u00f6m\u00fcl\u00fc konum verileri (EXIF GPS) i\u00e7eren g\u00f6rseller y\u00fcklemekten ka\u00e7\u0131nmal\u0131s\u0131n\u0131z. Ziyaret\u00e7iler, web sitesindeki g\u00f6rsellerden konum bilgilerini indirip \u00e7\u0131karabilirler.<\/p>\n\n\n\n<h2 class=\"wp-block-heading\">\u00c7erezler<\/h2>\n\n\n\n<p>Sitemizde yorum b\u0131rak\u0131rsan\u0131z, ad\u0131n\u0131z\u0131, e-posta adresinizi ve web sitenizi \u00e7erezlere kaydetmeyi se\u00e7ebilirsiniz. Bu, tekrar yorum yapt\u0131\u011f\u0131n\u0131zda bilgilerinizi yeniden girmenize gerek kalmamas\u0131 i\u00e7in yap\u0131l\u0131r. Bu \u00e7erezler bir y\u0131l boyunca saklan\u0131r.<\/p>\n\n\n\n<p>Giri\u015f sayfam\u0131z\u0131 ziyaret ederseniz, taray\u0131c\u0131n\u0131z\u0131n \u00e7erez kabul edip etmedi\u011fini belirlemek i\u00e7in ge\u00e7ici bir \u00e7erez ayarlan\u0131r. Bu \u00e7erez ki\u015fisel veri i\u00e7ermez ve taray\u0131c\u0131n\u0131z\u0131 kapatt\u0131\u011f\u0131n\u0131zda silinir.<\/p>\n\n\n\n<p>Oturum a\u00e7t\u0131\u011f\u0131n\u0131zda, giri\u015f bilgilerinizi ve ekran g\u00f6r\u00fcnt\u00fcleme tercihleriniz kaydedilir. Giri\u015f \u00e7erezleri iki g\u00fcn, ekran se\u00e7enekleri \u00e7erezleri bir y\u0131l boyunca saklan\u0131r. \u201cBeni Hat\u0131rla\u201d se\u00e7ene\u011fini se\u00e7erseniz giri\u015finiz iki hafta boyunca devam eder. Hesab\u0131n\u0131zdan \u00e7\u0131k\u0131\u015f yapt\u0131\u011f\u0131n\u0131zda giri\u015f \u00e7erezleri silinir.<\/p>\n\n\n\n<p>Bir makaleyi d\u00fczenler veya yay\u0131mlarsan\u0131z, taray\u0131c\u0131n\u0131zda ek bir \u00e7erez kaydedilir. Bu \u00e7erez ki\u015fisel veri i\u00e7ermez ve yaln\u0131zca d\u00fczenledi\u011finiz yaz\u0131n\u0131n kimli\u011fini g\u00f6sterir. Bir g\u00fcn sonra sona erer.<\/p>\n\n\n\n<h2 class=\"wp-block-heading\">Di\u011fer Web Sitelerinden G\u00f6m\u00fclen \u0130\u00e7erik<\/h2>\n\n\n\n<p>Bu sitedeki yaz\u0131lar, g\u00f6m\u00fcl\u00fc i\u00e7erik (\u00f6rne\u011fin videolar, g\u00f6rseller, makaleler vb.) i\u00e7erebilir. Di\u011fer web sitelerinden g\u00f6m\u00fclen i\u00e7erik, ziyaret\u00e7inin ilgili web sitesini ziyaret etmesiyle ayn\u0131 \u015fekilde davran\u0131r.<\/p>\n\n\n\n<p>Bu web siteleri sizinle ilgili veri toplayabilir, \u00e7erez kullanabilir, \u00fc\u00e7\u00fcnc\u00fc taraf izleme ara\u00e7lar\u0131n\u0131 g\u00f6mebilir ve g\u00f6m\u00fcl\u00fc i\u00e7erikle etkile\u015fiminizi takip edebilir.<\/p>\n\n\n\n<h2 class=\"wp-block-heading\">Verilerinizi Kimlerle Payla\u015f\u0131yoruz<\/h2>\n\n\n\n<p>\u015eifre s\u0131f\u0131rlama talebinde bulunursan\u0131z, IP adresiniz s\u0131f\u0131rlama e-postas\u0131nda yer al\u0131r.<\/p>\n\n\n\n<h2 class=\"wp-block-heading\">Verilerinizi Ne Kadar S\u00fcreyle Sakl\u0131yoruz<\/h2>\n\n\n\n<p>Bir yorum b\u0131rak\u0131rsan\u0131z, yorum ve meta verileri s\u00fcresiz olarak saklan\u0131r. B\u00f6ylece takip eden yorumlar\u0131n\u0131z otomatik olarak onaylanabilir.<\/p>\n\n\n\n<p>Sitemize kay\u0131t olan kullan\u0131c\u0131lar\u0131n ki\u015fisel bilgileri de kendi profillerinde saklan\u0131r. T\u00fcm kullan\u0131c\u0131lar, ki\u015fisel bilgilerini istedikleri zaman g\u00f6rebilir, d\u00fczenleyebilir veya silebilir (kullan\u0131c\u0131 ad\u0131n\u0131 de\u011fi\u015ftirmek hari\u00e7). Site y\u00f6neticileri de bu bilgilere eri\u015febilir ve d\u00fczenleyebilir.<\/p>\n\n\n\n<h2 class=\"wp-block-heading\">Verileriniz \u00dczerindeki Haklar\u0131n\u0131z<\/h2>\n\n\n\n<p>Bu siteye bir hesab\u0131n\u0131z varsa veya yorum yapt\u0131ysan\u0131z, hakk\u0131n\u0131zda tuttu\u011fumuz ki\u015fisel verilerin d\u0131\u015fa aktar\u0131lm\u0131\u015f bir dosyas\u0131n\u0131 talep edebilirsiniz. Ayr\u0131ca, hakk\u0131n\u0131zda tuttu\u011fumuz t\u00fcm ki\u015fisel verilerin silinmesini de talep edebilirsiniz. Bu, idari, hukuki veya g\u00fcvenlik ama\u00e7lar\u0131yla saklamak zorunda oldu\u011fumuz veriler i\u00e7in ge\u00e7erli de\u011fildir.<\/p>\n\n\n\n<h2 class=\"wp-block-heading\">Verileriniz Nereye G\u00f6nderilir<\/h2>\n\n\n\n<p>Ziyaret\u00e7i yorumlar\u0131, otomatik bir spam alg\u0131lama servisi arac\u0131l\u0131\u011f\u0131yla kontrol edilebilir.<\/p>\n\n\n\n<p><\/p>\n","protected":false},"excerpt":{"rendered":"<p>Gizlilik Politikas\u0131 Biz Kimiz Web sitemizin adresi: https:\/\/mtkalejenerat\u00f6r.com Yorumlar Ziyaret\u00e7iler sitemizde yorum b\u0131rakt\u0131\u011f\u0131nda, yorum formunda g\u00f6r\u00fcnen verilerle birlikte, ziyaret\u00e7inin IP adresi ve taray\u0131c\u0131 kullan\u0131c\u0131 bilgisi spam tespitine yard\u0131mc\u0131 olmak amac\u0131yla toplan\u0131r. E-posta adresinizden olu\u015fturulan anonimle\u015ftirilmi\u015f bir dize (hash), Gravatar hizmetine sa\u011flanabilir. Gravatar hizmetinin gizlilik politikas\u0131na buradan ula\u015fabilirsiniz https:\/\/mtkalejenerat\u00f6r.com Yorumunuz onayland\u0131ktan sonra, profil resminiz yorumunuzla birlikte [&hellip;]<\/p>\n","protected":false},"author":1,"featured_media":0,"parent":0,"menu_order":0,"comment_status":"closed","ping_status":"closed","template":"","meta":{"_uag_custom_page_level_css":"","site-sidebar-layout":"default","site-content-layout":"","ast-site-content-layout":"default","site-content-style":"default","site-sidebar-style":"default","ast-global-header-display":"","ast-banner-title-visibility":"","ast-main-header-display":"","ast-hfb-above-header-display":"","ast-hfb-below-header-display":"","ast-hfb-mobile-header-display":"","site-post-title":"","ast-breadcrumbs-content":"","ast-featured-img":"","footer-sml-layout":"","theme-transparent-header-meta":"","adv-header-id-meta":"","stick-header-meta":"","header-above-stick-meta":"","header-main-stick-meta":"","header-below-stick-meta":"","astra-migrate-meta-layouts":"set","ast-page-background-enabled":"default","ast-page-background-meta":{"desktop":{"background-color":"var(--ast-global-color-4)","background-image":"","background-repeat":"repeat","background-position":"center center","background-size":"auto","background-attachment":"scroll","background-type":"","background-media":"","overlay-type":"","overlay-color":"","overlay-opacity":"","overlay-gradient":""},"tablet":{"background-color":"","background-image":"","background-repeat":"repeat","background-position":"center center","background-size":"auto","background-attachment":"scroll","background-type":"","background-media":"","overlay-type":"","overlay-color":"","overlay-opacity":"","overlay-gradient":""},"mobile":{"background-color":"","background-image":"","background-repeat":"repeat","background-position":"center center","background-size":"auto","background-attachment":"scroll","background-type":"","background-media":"","overlay-type":"","overlay-color":"","overlay-opacity":"","overlay-gradient":""}},"ast-content-background-meta":{"desktop":{"background-color":"var(--ast-global-color-5)","background-image":"","background-repeat":"repeat","background-position":"center center","background-size":"auto","background-attachment":"scroll","background-type":"","background-media":"","overlay-type":"","overlay-color":"","overlay-opacity":"","overlay-gradient":""},"tablet":{"background-color":"var(--ast-global-color-5)","background-image":"","background-repeat":"repeat","background-position":"center center","background-size":"auto","background-attachment":"scroll","background-type":"","background-media":"","overlay-type":"","overlay-color":"","overlay-opacity":"","overlay-gradient":""},"mobile":{"background-color":"var(--ast-global-color-5)","background-image":"","background-repeat":"repeat","background-position":"center center","background-size":"auto","background-attachment":"scroll","background-type":"","background-media":"","overlay-type":"","overlay-color":"","overlay-opacity":"","overlay-gradient":""}},"footnotes":""},"class_list":["post-3","page","type-page","status-publish","hentry"],"aioseo_notices":[],"_hostinger_reach_plugin_has_subscription_block":false,"_hostinger_reach_plugin_is_elementor":false,"uagb_featured_image_src":{"full":false,"thumbnail":false,"medium":false,"medium_large":false,"large":false,"1536x1536":false,"2048x2048":false},"uagb_author_info":{"display_name":"mertpekmezci@hotmail.com","author_link":"https:\/\/xn--mtkalejeneratr-7pb.com\/?author=1"},"uagb_comment_info":0,"uagb_excerpt":"Gizlilik Politikas\u0131 Biz Kimiz Web sitemizin adresi: https:\/\/mtkalejenerat\u00f6r.com Yorumlar Ziyaret\u00e7iler sitemizde yorum b\u0131rakt\u0131\u011f\u0131nda, yorum formunda g\u00f6r\u00fcnen verilerle birlikte, ziyaret\u00e7inin IP adresi ve taray\u0131c\u0131 kullan\u0131c\u0131 bilgisi spam tespitine yard\u0131mc\u0131 olmak amac\u0131yla toplan\u0131r. E-posta adresinizden olu\u015fturulan anonimle\u015ftirilmi\u015f bir dize (hash), Gravatar hizmetine sa\u011flanabilir. Gravatar hizmetinin gizlilik politikas\u0131na buradan ula\u015fabilirsiniz https:\/\/mtkalejenerat\u00f6r.com Yorumunuz onayland\u0131ktan sonra, profil resminiz yorumunuzla birlikte&hellip;","_links":{"self":[{"href":"https:\/\/xn--mtkalejeneratr-7pb.com\/index.php?rest_route=\/wp\/v2\/pages\/3","targetHints":{"allow":["GET"]}}],"collection":[{"href":"https:\/\/xn--mtkalejeneratr-7pb.com\/index.php?rest_route=\/wp\/v2\/pages"}],"about":[{"href":"https:\/\/xn--mtkalejeneratr-7pb.com\/index.php?rest_route=\/wp\/v2\/types\/page"}],"author":[{"embeddable":true,"href":"https:\/\/xn--mtkalejeneratr-7pb.com\/index.php?rest_route=\/wp\/v2\/users\/1"}],"replies":[{"embeddable":true,"href":"https:\/\/xn--mtkalejeneratr-7pb.com\/index.php?rest_route=%2Fwp%2Fv2%2Fcomments&post=3"}],"version-history":[{"count":2,"href":"https:\/\/xn--mtkalejeneratr-7pb.com\/index.php?rest_route=\/wp\/v2\/pages\/3\/revisions"}],"predecessor-version":[{"id":1067,"href":"https:\/\/xn--mtkalejeneratr-7pb.com\/index.php?rest_route=\/wp\/v2\/pages\/3\/revisions\/1067"}],"wp:attachment":[{"href":"https:\/\/xn--mtkalejeneratr-7pb.com\/index.php?rest_route=%2Fwp%2Fv2%2Fmedia&parent=3"}],"curies":[{"name":"wp","href":"https:\/\/api.w.org\/{rel}","templated":true}]}}