{"id":2,"date":"2025-08-10T08:47:15","date_gmt":"2025-08-10T08:47:15","guid":{"rendered":"https:\/\/xn--mtkalejeneratr-7pb.com\/home\/"},"modified":"2025-10-08T13:53:12","modified_gmt":"2025-10-08T10:53:12","slug":"ana-sayfa","status":"publish","type":"page","link":"https:\/\/xn--mtkalejeneratr-7pb.com\/","title":{"rendered":"Ana sayfa"},"content":{"rendered":"\n<div class=\"wp-block-uagb-container uagb-block-83868740 alignfull uagb-is-root-container\">\n<div class=\"wp-block-group is-nowrap is-layout-flex wp-container-core-group-is-layout-6c531013 wp-block-group-is-layout-flex\">\n<figure class=\"wp-block-image size-large\"><img loading=\"lazy\" decoding=\"async\" width=\"1024\" height=\"768\" src=\"https:\/\/xn--mtkalejeneratr-7pb.com\/wp-content\/uploads\/2025\/08\/WhatsApp-Gorsel-2025-07-17-saat-22.51.13_d7c061c3-1-1024x768.jpg\" alt=\"\" class=\"wp-image-1009\" srcset=\"https:\/\/xn--mtkalejeneratr-7pb.com\/wp-content\/uploads\/2025\/08\/WhatsApp-Gorsel-2025-07-17-saat-22.51.13_d7c061c3-1-1024x768.jpg 1024w, https:\/\/xn--mtkalejeneratr-7pb.com\/wp-content\/uploads\/2025\/08\/WhatsApp-Gorsel-2025-07-17-saat-22.51.13_d7c061c3-1-300x225.jpg 300w, https:\/\/xn--mtkalejeneratr-7pb.com\/wp-content\/uploads\/2025\/08\/WhatsApp-Gorsel-2025-07-17-saat-22.51.13_d7c061c3-1-768x576.jpg 768w, https:\/\/xn--mtkalejeneratr-7pb.com\/wp-content\/uploads\/2025\/08\/WhatsApp-Gorsel-2025-07-17-saat-22.51.13_d7c061c3-1-1536x1152.jpg 1536w, https:\/\/xn--mtkalejeneratr-7pb.com\/wp-content\/uploads\/2025\/08\/WhatsApp-Gorsel-2025-07-17-saat-22.51.13_d7c061c3-1.jpg 2000w\" sizes=\"auto, (max-width: 1024px) 100vw, 1024px\" \/><\/figure>\n\n\n\n<div class=\"wp-block-uagb-container uagb-block-178c8284\">\n<div class=\"wp-block-uagb-info-box uagb-block-5bacd792 uagb-infobox__content-wrap  uagb-infobox-icon-above-title uagb-infobox-image-valign-top wp-block-uagb-info-box--has-margin\"><div class=\"uagb-infobox-margin-wrapper\"><div class=\"uagb-ifb-content\"><div class=\"uagb-ifb-title-wrap\"><h1 class=\"uagb-ifb-title-prefix\">G\u00fcc\u00fcn\u00fcz Bizimle G\u00fcvende<\/h1><h2 class=\"uagb-ifb-title\"> <\/h2><\/div><p class=\"uagb-ifb-desc\">Jenerat\u00f6r servisi, kesintisiz elektrik ve uzun \u00f6m\u00fcr i\u00e7in d\u00fczenli bak\u0131m\u0131n garantisidir.<\/p><div class=\"uagb-ifb-button-wrapper wp-block-button\"><a href=\"#\" class=\"uagb-infobox-cta-link wp-block-button__link\" target=\"_self\" rel=\"noopener noreferrer\" onclick=\"return false;\"><span class=\"uagb-inline-editing\">Bug\u00fcn\u00fcn Program\u0131<\/span><svg xmlns=\"https:\/\/www.w3.org\/2000\/svg\" viewBox=\"0 0 448 512\"><path d=\"M438.6 278.6l-160 160C272.4 444.9 264.2 448 256 448s-16.38-3.125-22.62-9.375c-12.5-12.5-12.5-32.75 0-45.25L338.8 288H32C14.33 288 .0016 273.7 .0016 256S14.33 224 32 224h306.8l-105.4-105.4c-12.5-12.5-12.5-32.75 0-45.25s32.75-12.5 45.25 0l160 160C451.1 245.9 451.1 266.1 438.6 278.6z\"><\/path><\/svg><\/a><\/div><\/div><\/div><\/div>\n<\/div>\n<\/div>\n<\/div>\n\n\n\n<div class=\"wp-block-uagb-image uagb-block-d8a6eef8 wp-block-uagb-image--layout-default wp-block-uagb-image--effect-static wp-block-uagb-image--align-none\"><figure class=\"wp-block-uagb-image__figure\"><img decoding=\"async\" srcset=\"https:\/\/xn--mtkalejeneratr-7pb.com\/wp-content\/uploads\/2025\/08\/WhatsApp-Gorsel-2025-08-18-saat-09.43.20_29131c15.jpg ,https:\/\/xn--mtkalejeneratr-7pb.com\/wp-content\/uploads\/2025\/08\/WhatsApp-Gorsel-2025-08-18-saat-09.43.20_29131c15.jpg 780w, https:\/\/xn--mtkalejeneratr-7pb.com\/wp-content\/uploads\/2025\/08\/WhatsApp-Gorsel-2025-08-18-saat-09.43.20_29131c15.jpg 360w\" sizes=\"auto, (max-width: 480px) 150px\" src=\"https:\/\/xn--mtkalejeneratr-7pb.com\/wp-content\/uploads\/2025\/08\/WhatsApp-Gorsel-2025-08-18-saat-09.43.20_29131c15.jpg\" alt=\"\" class=\"uag-image-1032\" width=\"249\" height=\"112\" title=\"WhatsApp G\u00f6rsel 2025-08-18 saat 09.43.20_29131c15\" loading=\"lazy\" role=\"img\"\/><\/figure><\/div>\n\n\n\n<p class=\"has-text-align-center\"><strong>Ko\u00e7san \u0130stanbul Anadolu Yakas\u0131 Bayisi<\/strong><\/p>\n\n\n\n<div class=\"wp-block-uagb-container uagb-block-d2c33a3f alignfull uagb-is-root-container\"><div class=\"uagb-container-inner-blocks-wrap\">\n<div class=\"wp-block-uagb-info-box uagb-block-f309a33f uagb-infobox__content-wrap  uagb-infobox-icon-left-title uagb-infobox-left uagb-infobox-image-valign-middle wp-block-uagb-info-box--has-margin\"><div class=\"uagb-infobox-margin-wrapper\"><div class=\"uagb-ifb-content\"><div class=\"uagb-ifb-left-title-image\"><div class=\"uagb-ifb-icon-wrap\"><svg xmlns=\"https:\/\/www.w3.org\/2000\/svg\" viewBox=\"0 0 448 512\"><path d=\"M384 32H64C28.65 32 0 60.65 0 96v320c0 35.35 28.65 64 64 64h320c35.35 0 64-28.65 64-64V96C448 60.65 419.3 32 384 32zM351.6 321.5l-11.62 50.39c-1.633 7.125-7.9 12.11-15.24 12.11c-126.1 0-228.7-102.6-228.7-228.8c0-7.328 4.984-13.59 12.11-15.22l50.38-11.63c7.344-1.703 14.88 2.109 17.93 9.062l23.27 54.28c2.719 6.391 .8828 13.83-4.492 18.22L168.3 232c16.99 34.61 45.14 62.75 79.77 79.75l22.02-26.91c4.344-5.391 11.85-7.25 18.24-4.484l54.24 23.25C349.5 306.6 353.3 314.2 351.6 321.5z\"><\/path><\/svg><\/div><div class=\"uagb-ifb-title-wrap\"><h3 class=\"uagb-ifb-title\">\u0130leti\u015fim 0216 488 58 81 &#8211; 0216 488 53 71<\/h3><\/div><\/div><\/div><\/div><\/div>\n<\/div><\/div>\n\n\n\n<div class=\"wp-block-uagb-container uagb-layout-grid uagb-block-df0831ad alignfull uagb-is-root-container\"><div class=\"uagb-container-inner-blocks-wrap\">\n<div class=\"wp-block-uagb-advanced-heading uagb-block-2d1b90a6\"><h2 class=\"uagb-heading-text\"><font style=\"vertical-align: inherit;\"><font style=\"vertical-align: inherit;\"><font style=\"vertical-align: inherit;\"><font style=\"vertical-align: inherit;\">Her \u0130\u015fi Do\u011fru \u015eekilde Yapmaya Kararl\u0131y\u0131z!<\/font><\/font><\/font><\/font><\/h2><p class=\"uagb-desc-text\">\u0130\u015fimizi, sekt\u00f6r standartlar\u0131n\u0131n \u00fczerinde bir titizlik ve profesyonellik ile y\u00fcr\u00fct\u00fcyoruz.<br>Her ad\u0131mda do\u011fru te\u015fhis, kaliteli malzeme ve ustal\u0131kla uygulama prensiplerini benimsiyoruz.<br>M\u00fc\u015fterilerimize g\u00fcven veren \u00e7\u00f6z\u00fcmler \u00fcreterek, uzun \u00f6m\u00fcrl\u00fc ve verimli sonu\u00e7lar sa\u011fl\u0131yoruz.<br>Bizim i\u00e7in ba\u015far\u0131, i\u015fimizi eksiksiz ve do\u011fru \u015fekilde tamamlamakt\u0131r.<\/p><\/div>\n\n\n\n<div class=\"wp-block-uagb-image uagb-block-daf94eea wp-block-uagb-image--layout-default wp-block-uagb-image--effect-static wp-block-uagb-image--align-none\"><figure class=\"wp-block-uagb-image__figure\"><img decoding=\"async\" srcset=\"https:\/\/xn--mtkalejeneratr-7pb.com\/wp-content\/uploads\/2025\/08\/WhatsApp-Gorsel-2025-07-17-saat-22.49.32_d7574744-768x1024.jpg ,https:\/\/xn--mtkalejeneratr-7pb.com\/wp-content\/uploads\/2025\/08\/WhatsApp-Gorsel-2025-07-17-saat-22.49.32_d7574744.jpg 780w, https:\/\/xn--mtkalejeneratr-7pb.com\/wp-content\/uploads\/2025\/08\/WhatsApp-Gorsel-2025-07-17-saat-22.49.32_d7574744.jpg 360w\" sizes=\"auto, (max-width: 480px) 150px\" src=\"https:\/\/xn--mtkalejeneratr-7pb.com\/wp-content\/uploads\/2025\/08\/WhatsApp-Gorsel-2025-07-17-saat-22.49.32_d7574744-768x1024.jpg\" alt=\"\" class=\"uag-image-1011\" width=\"479\" height=\"639\" title=\"WhatsApp G\u00f6rsel 2025-07-17 saat 22.49.32_d7574744\" loading=\"lazy\" role=\"img\"\/><\/figure><\/div>\n<\/div><\/div>\n\n\n\n<div class=\"wp-block-uagb-container uagb-block-d8ac2f0a alignfull uagb-is-root-container\"><div class=\"uagb-container-inner-blocks-wrap\">\n<div class=\"wp-block-uagb-advanced-heading uagb-block-443fec0f\"><h2 class=\"uagb-heading-text\"><font style=\"vertical-align: inherit;\"><font style=\"vertical-align: inherit;\">Neden Bizi Se\u00e7melisiniz!<\/font><\/font><\/h2><p class=\"uagb-desc-text\"> <\/p><\/div>\n\n\n\n<div class=\"wp-block-uagb-container uagb-block-5141d019\">\n<div class=\"wp-block-uagb-info-box uagb-block-29a4c794 uagb-infobox__content-wrap  uagb-infobox-icon-above-title uagb-infobox-image-valign-top wp-block-uagb-info-box--has-margin\"><div class=\"uagb-infobox-margin-wrapper\"><div class=\"uagb-ifb-content\"><div class=\"uagb-ifb-image-content\"><img decoding=\"async\" src=\"https:\/\/xn--mtkalejeneratr-7pb.com\/wp-content\/uploads\/2022\/12\/piggy-bank.png\" alt=\"\" width=\"\" height=\"0\" loading=\"lazy\"\/><\/div><div class=\"uagb-ifb-title-wrap\"><h3 class=\"uagb-ifb-title\">Pe\u015fin Fiyatland\u0131rma<\/h3><\/div><p class=\"uagb-ifb-desc\">T\u00fcm i\u015flerimizde \u015feffaf ve pe\u015fin fiyatland\u0131rma ile s\u00fcrpriz maliyetlere yer vermiyoruz.<\/p><\/div><\/div><\/div>\n\n\n\n<div class=\"wp-block-uagb-info-box uagb-block-d6fe9562 uagb-infobox__content-wrap  uagb-infobox-icon-above-title uagb-infobox-image-valign-top\"><div class=\"uagb-ifb-content\"><div class=\"uagb-ifb-image-content\"><img decoding=\"async\" src=\"https:\/\/xn--mtkalejeneratr-7pb.com\/wp-content\/uploads\/2022\/12\/24-7.png\" alt=\"\" width=\"\" height=\"0\" loading=\"lazy\"\/><\/div><div class=\"uagb-ifb-title-wrap\"><h3 class=\"uagb-ifb-title\">7\/24<\/h3><\/div><p class=\"uagb-ifb-desc\">Ekiplerimiz, 7\/24 kesintisiz hizmetle her an yan\u0131n\u0131zda.<\/p><\/div><\/div>\n\n\n\n<div class=\"wp-block-uagb-info-box uagb-block-b07acd79 uagb-infobox__content-wrap  uagb-infobox-icon-above-title uagb-infobox-image-valign-top\"><div class=\"uagb-ifb-content\"><div class=\"uagb-ifb-image-content\"><img decoding=\"async\" src=\"https:\/\/xn--mtkalejeneratr-7pb.com\/wp-content\/uploads\/2022\/12\/tools.png\" alt=\"\" width=\"\" height=\"0\" loading=\"lazy\"\/><\/div><div class=\"uagb-ifb-title-wrap\"><h3 class=\"uagb-ifb-title\">Nitelikli Uzmanlar<\/h3><\/div><p class=\"uagb-ifb-desc\">Kendi teknik ekibimiz, uzmanl\u0131\u011f\u0131 ve h\u0131zl\u0131 m\u00fcdahale kabiliyetiyle jenerat\u00f6rlerinizi her zaman en y\u00fcksek verimde \u00e7al\u0131\u015ft\u0131r\u0131r.<\/p><\/div><\/div>\n<\/div>\n<\/div><\/div>\n\n\n\n<div class=\"wp-block-uagb-container uagb-block-48b7d98c alignfull uagb-is-root-container\"><div class=\"uagb-container-inner-blocks-wrap\"><\/div><\/div>\n\n\n\n<div class=\"wp-block-uagb-container uagb-layout-grid uagb-block-247af62e alignfull uagb-is-root-container\"><div class=\"uagb-container-inner-blocks-wrap\">\n<div class=\"wp-block-uagb-advanced-heading uagb-block-4dba223d\"><h2 class=\"uagb-heading-text\"><font style=\"vertical-align: inherit;\"><font style=\"vertical-align: inherit;\"><font style=\"vertical-align: inherit;\"><font style=\"vertical-align: inherit;\">M\u00fc\u015fterilerimizin Ne S\u00f6yledi\u011fine Bak\u0131n&#8230;<\/font><\/font><\/font><\/font><\/h2><p class=\"uagb-desc-text\"> <\/p><\/div>\n\n\n\n<div class=\"wp-block-uagb-container uagb-layout-grid uagb-block-b1408247\">\n<div class=\"wp-block-uagb-container uagb-block-285879e6\">\n<p class=\"has-text-align-center\">Yedi y\u0131ld\u0131r fabrikam\u0131z\u0131n jenerat\u00f6r bak\u0131mlar\u0131n\u0131 MT KALE yap\u0131yor. En ufak bir s\u0131k\u0131nt\u0131m\u0131zda seri bir \u015fekilde bize ula\u015f\u0131yorlar. Ekibin \u00e7al\u0131\u015fma disiplininden&nbsp;\u00e7ok&nbsp;memnunuz.<br><br><br><br>Osman Pekmezci<br>ROYAL CONTA<br><\/p>\n<\/div>\n\n\n\n<div class=\"wp-block-uagb-container uagb-block-417cb7ba\">\n<p class=\"has-text-align-center\">MT Kale ye te\u015fekk\u00fcr ederim. Sabahlara kadar \u00e7ekimlerimizde, ekibiyle beraber bize katk\u0131lar\u0131 ger\u00e7ekten&nbsp;kayda&nbsp;de\u011fer<br><br><br><br><br><br>Aykut Y\u0131ld\u0131r\u0131m<br>Y\u00f6netmen<\/p>\n<\/div>\n\n\n\n<div class=\"wp-block-uagb-container uagb-block-92013095\">\n<p class=\"has-text-align-center\">Marin jenerat\u00f6rler de istedigimizin kar\u015f\u0131l\u0131\u011f\u0131n\u0131 al\u0131yoruz.&nbsp;Memnunum<br><br><br><br><br><br><br>\u00d6mer Ta\u015fdemir<br>Tuzla liman\u0131 gemi m\u00fchendisi<\/p>\n<\/div>\n<\/div>\n<\/div><\/div>\n\n\n\n<div class=\"wp-block-uagb-container uagb-block-1477611e alignfull uagb-is-root-container\"><div class=\"uagb-container-inner-blocks-wrap\">\n<div class=\"wp-block-uagb-image uagb-block-a641e750 wp-block-uagb-image--layout-default wp-block-uagb-image--effect-static wp-block-uagb-image--align-none\"><figure class=\"wp-block-uagb-image__figure\"><img decoding=\"async\" srcset=\"https:\/\/xn--mtkalejeneratr-7pb.com\/wp-content\/uploads\/2025\/08\/Ekran-goruntusu-2025-08-27-151858.png ,https:\/\/xn--mtkalejeneratr-7pb.com\/wp-content\/uploads\/2025\/08\/Ekran-goruntusu-2025-08-27-151858.png 780w, https:\/\/xn--mtkalejeneratr-7pb.com\/wp-content\/uploads\/2025\/08\/Ekran-goruntusu-2025-08-27-151858.png 360w\" sizes=\"auto, (max-width: 480px) 150px\" src=\"https:\/\/xn--mtkalejeneratr-7pb.com\/wp-content\/uploads\/2025\/08\/Ekran-goruntusu-2025-08-27-151858.png\" alt=\"\" class=\"uag-image-1049\" width=\"85\" height=\"90\" title=\"Ekran g\u00f6r\u00fcnt\u00fcs\u00fc 2025-08-27 151858\" loading=\"lazy\" role=\"img\"\/><\/figure><\/div>\n\n\n\n<div class=\"wp-block-uagb-image uagb-block-e21bcdf3 wp-block-uagb-image--layout-default wp-block-uagb-image--effect-static wp-block-uagb-image--align-none\"><figure class=\"wp-block-uagb-image__figure\"><img decoding=\"async\" srcset=\"https:\/\/xn--mtkalejeneratr-7pb.com\/wp-content\/uploads\/2025\/08\/Ekran-goruntusu-2025-08-26-142355.png ,https:\/\/xn--mtkalejeneratr-7pb.com\/wp-content\/uploads\/2025\/08\/Ekran-goruntusu-2025-08-26-142355.png 780w, https:\/\/xn--mtkalejeneratr-7pb.com\/wp-content\/uploads\/2025\/08\/Ekran-goruntusu-2025-08-26-142355.png 360w\" sizes=\"auto, (max-width: 480px) 150px\" src=\"https:\/\/xn--mtkalejeneratr-7pb.com\/wp-content\/uploads\/2025\/08\/Ekran-goruntusu-2025-08-26-142355.png\" alt=\"\" class=\"uag-image-1033\" width=\"173\" height=\"106\" title=\"Ekran g\u00f6r\u00fcnt\u00fcs\u00fc 2025-08-26 142355\" loading=\"lazy\" role=\"img\"\/><\/figure><\/div>\n\n\n\n<div class=\"wp-block-uagb-image uagb-block-31b88cb1 wp-block-uagb-image--layout-default wp-block-uagb-image--effect-static wp-block-uagb-image--align-none\"><figure class=\"wp-block-uagb-image__figure\"><img decoding=\"async\" srcset=\"https:\/\/xn--mtkalejeneratr-7pb.com\/wp-content\/uploads\/2025\/08\/Ekran-goruntusu-2025-08-27-102849.png ,https:\/\/xn--mtkalejeneratr-7pb.com\/wp-content\/uploads\/2025\/08\/Ekran-goruntusu-2025-08-27-102849.png 780w, https:\/\/xn--mtkalejeneratr-7pb.com\/wp-content\/uploads\/2025\/08\/Ekran-goruntusu-2025-08-27-102849.png 360w\" sizes=\"auto, (max-width: 480px) 150px\" src=\"https:\/\/xn--mtkalejeneratr-7pb.com\/wp-content\/uploads\/2025\/08\/Ekran-goruntusu-2025-08-27-102849.png\" alt=\"\" class=\"uag-image-1038\" width=\"111\" height=\"109\" title=\"Ekran g\u00f6r\u00fcnt\u00fcs\u00fc 2025-08-27 102849\" loading=\"lazy\" role=\"img\"\/><\/figure><\/div>\n\n\n\n<div class=\"wp-block-uagb-image uagb-block-297aa1c1 wp-block-uagb-image--layout-default wp-block-uagb-image--effect-static wp-block-uagb-image--align-none\"><figure class=\"wp-block-uagb-image__figure\"><img decoding=\"async\" srcset=\"https:\/\/xn--mtkalejeneratr-7pb.com\/wp-content\/uploads\/2025\/08\/Ekran-goruntusu-2025-08-27-104211.png ,https:\/\/xn--mtkalejeneratr-7pb.com\/wp-content\/uploads\/2025\/08\/Ekran-goruntusu-2025-08-27-104211.png 780w, https:\/\/xn--mtkalejeneratr-7pb.com\/wp-content\/uploads\/2025\/08\/Ekran-goruntusu-2025-08-27-104211.png 360w\" sizes=\"auto, (max-width: 480px) 150px\" src=\"https:\/\/xn--mtkalejeneratr-7pb.com\/wp-content\/uploads\/2025\/08\/Ekran-goruntusu-2025-08-27-104211.png\" alt=\"\" class=\"uag-image-1040\" width=\"176\" height=\"106\" title=\"Ekran g\u00f6r\u00fcnt\u00fcs\u00fc 2025-08-27 104211\" loading=\"lazy\" role=\"img\"\/><\/figure><\/div>\n\n\n\n<div class=\"wp-block-uagb-image uagb-block-b9421c87 wp-block-uagb-image--layout-default wp-block-uagb-image--effect-static wp-block-uagb-image--align-none\"><figure class=\"wp-block-uagb-image__figure\"><img decoding=\"async\" srcset=\"https:\/\/xn--mtkalejeneratr-7pb.com\/wp-content\/uploads\/2025\/08\/Ekran-goruntusu-2025-08-27-104342.png ,https:\/\/xn--mtkalejeneratr-7pb.com\/wp-content\/uploads\/2025\/08\/Ekran-goruntusu-2025-08-27-104342.png 780w, https:\/\/xn--mtkalejeneratr-7pb.com\/wp-content\/uploads\/2025\/08\/Ekran-goruntusu-2025-08-27-104342.png 360w\" sizes=\"auto, (max-width: 480px) 150px\" src=\"https:\/\/xn--mtkalejeneratr-7pb.com\/wp-content\/uploads\/2025\/08\/Ekran-goruntusu-2025-08-27-104342.png\" alt=\"\" class=\"uag-image-1041\" width=\"158\" height=\"107\" title=\"Ekran g\u00f6r\u00fcnt\u00fcs\u00fc 2025-08-27 104342\" loading=\"lazy\" role=\"img\"\/><\/figure><\/div>\n<\/div><\/div>\n\n\n\n<p><\/p>\n","protected":false},"excerpt":{"rendered":"<p>Ko\u00e7san \u0130stanbul Anadolu Yakas\u0131 Bayisi Her \u0130\u015fi Do\u011fru \u015eekilde Yapmaya Kararl\u0131y\u0131z! \u0130\u015fimizi, sekt\u00f6r standartlar\u0131n\u0131n \u00fczerinde bir titizlik ve profesyonellik ile y\u00fcr\u00fct\u00fcyoruz.Her ad\u0131mda do\u011fru te\u015fhis, kaliteli malzeme ve ustal\u0131kla uygulama prensiplerini benimsiyoruz.M\u00fc\u015fterilerimize g\u00fcven veren \u00e7\u00f6z\u00fcmler \u00fcreterek, uzun \u00f6m\u00fcrl\u00fc ve verimli sonu\u00e7lar sa\u011fl\u0131yoruz.Bizim i\u00e7in ba\u015far\u0131, i\u015fimizi eksiksiz ve do\u011fru \u015fekilde tamamlamakt\u0131r. Neden Bizi Se\u00e7melisiniz! M\u00fc\u015fterilerimizin Ne S\u00f6yledi\u011fine [&hellip;]<\/p>\n","protected":false},"author":1,"featured_media":0,"parent":0,"menu_order":0,"comment_status":"closed","ping_status":"closed","template":"","meta":{"_uag_custom_page_level_css":"","site-sidebar-layout":"default","site-content-layout":"","ast-site-content-layout":"default","site-content-style":"default","site-sidebar-style":"default","ast-global-header-display":"","ast-banner-title-visibility":"","ast-main-header-display":"","ast-hfb-above-header-display":"","ast-hfb-below-header-display":"","ast-hfb-mobile-header-display":"","site-post-title":"disabled","ast-breadcrumbs-content":"","ast-featured-img":"","footer-sml-layout":"","theme-transparent-header-meta":"","adv-header-id-meta":"","stick-header-meta":"","header-above-stick-meta":"","header-main-stick-meta":"","header-below-stick-meta":"","astra-migrate-meta-layouts":"set","ast-page-background-enabled":"default","ast-page-background-meta":{"desktop":{"background-color":"var(--ast-global-color-4)","background-image":"","background-repeat":"repeat","background-position":"center center","background-size":"auto","background-attachment":"scroll","background-type":"","background-media":"","overlay-type":"","overlay-color":"","overlay-opacity":"","overlay-gradient":""},"tablet":{"background-color":"","background-image":"","background-repeat":"repeat","background-position":"center center","background-size":"auto","background-attachment":"scroll","background-type":"","background-media":"","overlay-type":"","overlay-color":"","overlay-opacity":"","overlay-gradient":""},"mobile":{"background-color":"","background-image":"","background-repeat":"repeat","background-position":"center center","background-size":"auto","background-attachment":"scroll","background-type":"","background-media":"","overlay-type":"","overlay-color":"","overlay-opacity":"","overlay-gradient":""}},"ast-content-background-meta":{"desktop":{"background-color":"var(--ast-global-color-5)","background-image":"","background-repeat":"repeat","background-position":"center center","background-size":"auto","background-attachment":"scroll","background-type":"","background-media":"","overlay-type":"","overlay-color":"","overlay-opacity":"","overlay-gradient":""},"tablet":{"background-color":"var(--ast-global-color-5)","background-image":"","background-repeat":"repeat","background-position":"center center","background-size":"auto","background-attachment":"scroll","background-type":"","background-media":"","overlay-type":"","overlay-color":"","overlay-opacity":"","overlay-gradient":""},"mobile":{"background-color":"var(--ast-global-color-5)","background-image":"","background-repeat":"repeat","background-position":"center center","background-size":"auto","background-attachment":"scroll","background-type":"","background-media":"","overlay-type":"","overlay-color":"","overlay-opacity":"","overlay-gradient":""}},"footnotes":""},"class_list":["post-2","page","type-page","status-publish","hentry"],"aioseo_notices":[],"_hostinger_reach_plugin_has_subscription_block":false,"_hostinger_reach_plugin_is_elementor":false,"uagb_featured_image_src":{"full":false,"thumbnail":false,"medium":false,"medium_large":false,"large":false,"1536x1536":false,"2048x2048":false},"uagb_author_info":{"display_name":"mertpekmezci@hotmail.com","author_link":"https:\/\/xn--mtkalejeneratr-7pb.com\/?author=1"},"uagb_comment_info":0,"uagb_excerpt":"Ko\u00e7san \u0130stanbul Anadolu Yakas\u0131 Bayisi Her \u0130\u015fi Do\u011fru \u015eekilde Yapmaya Kararl\u0131y\u0131z! \u0130\u015fimizi, sekt\u00f6r standartlar\u0131n\u0131n \u00fczerinde bir titizlik ve profesyonellik ile y\u00fcr\u00fct\u00fcyoruz.Her ad\u0131mda do\u011fru te\u015fhis, kaliteli malzeme ve ustal\u0131kla uygulama prensiplerini benimsiyoruz.M\u00fc\u015fterilerimize g\u00fcven veren \u00e7\u00f6z\u00fcmler \u00fcreterek, uzun \u00f6m\u00fcrl\u00fc ve verimli sonu\u00e7lar sa\u011fl\u0131yoruz.Bizim i\u00e7in ba\u015far\u0131, i\u015fimizi eksiksiz ve do\u011fru \u015fekilde tamamlamakt\u0131r. Neden Bizi Se\u00e7melisiniz! M\u00fc\u015fterilerimizin Ne S\u00f6yledi\u011fine&hellip;","_links":{"self":[{"href":"https:\/\/xn--mtkalejeneratr-7pb.com\/index.php?rest_route=\/wp\/v2\/pages\/2","targetHints":{"allow":["GET"]}}],"collection":[{"href":"https:\/\/xn--mtkalejeneratr-7pb.com\/index.php?rest_route=\/wp\/v2\/pages"}],"about":[{"href":"https:\/\/xn--mtkalejeneratr-7pb.com\/index.php?rest_route=\/wp\/v2\/types\/page"}],"author":[{"embeddable":true,"href":"https:\/\/xn--mtkalejeneratr-7pb.com\/index.php?rest_route=\/wp\/v2\/users\/1"}],"replies":[{"embeddable":true,"href":"https:\/\/xn--mtkalejeneratr-7pb.com\/index.php?rest_route=%2Fwp%2Fv2%2Fcomments&post=2"}],"version-history":[{"count":14,"href":"https:\/\/xn--mtkalejeneratr-7pb.com\/index.php?rest_route=\/wp\/v2\/pages\/2\/revisions"}],"predecessor-version":[{"id":1089,"href":"https:\/\/xn--mtkalejeneratr-7pb.com\/index.php?rest_route=\/wp\/v2\/pages\/2\/revisions\/1089"}],"wp:attachment":[{"href":"https:\/\/xn--mtkalejeneratr-7pb.com\/index.php?rest_route=%2Fwp%2Fv2%2Fmedia&parent=2"}],"curies":[{"name":"wp","href":"https:\/\/api.w.org\/{rel}","templated":true}]}}