{"id":17,"date":"2025-08-10T08:47:15","date_gmt":"2025-08-10T08:47:15","guid":{"rendered":"https:\/\/xn--mtkalejeneratr-7pb.com\/contact\/"},"modified":"2025-10-08T14:03:26","modified_gmt":"2025-10-08T11:03:26","slug":"iletisim","status":"publish","type":"page","link":"https:\/\/xn--mtkalejeneratr-7pb.com\/?page_id=17","title":{"rendered":"\u0130leti\u015fim"},"content":{"rendered":"\n<div class=\"wp-block-uagb-container uagb-block-cc61785d alignfull uagb-is-root-container\"><div class=\"uagb-container-inner-blocks-wrap\">\n<div class=\"wp-block-uagb-advanced-heading uagb-block-ac713bc4\"><h1 class=\"uagb-heading-text\">Bize Ula\u015f\u0131n<\/h1><\/div>\n<\/div><\/div>\n\n\n\n<div class=\"wp-block-uagb-container uagb-block-e56332a7 alignfull uagb-is-root-container\"><div class=\"uagb-container-inner-blocks-wrap\">\n<div class=\"wp-block-uagb-icon-list uagb-block-c7349ead\"><div class=\"uagb-icon-list__wrap\">\n<div class=\"wp-block-uagb-icon-list-child uagb-block-eb508ce5\"><span class=\"uagb-icon-list__source-wrap\"><svg xmlns=\"https:\/\/www.w3.org\/2000\/svg\" viewBox=\"0 0 448 512\"><path d=\"M0 96v320c0 35.35 28.65 64 64 64h320c35.35 0 64-28.65 64-64V96c0-35.35-28.65-64-64-64H64C28.65 32 0 60.65 0 96zM105.5 303.6l54.24-23.25c6.391-2.766 13.9-.9062 18.24 4.484l22.02 26.91c34.63-17 62.77-45.14 79.77-79.75l-26.91-22.05c-5.375-4.391-7.211-11.83-4.492-18.22l23.27-54.28c3.047-6.953 10.59-10.77 17.93-9.062l50.38 11.63c7.125 1.625 12.11 7.891 12.11 15.22c0 126.1-102.6 228.8-228.7 228.8c-7.336 0-13.6-4.984-15.24-12.11l-11.62-50.39C94.71 314.2 98.5 306.6 105.5 303.6z\"><\/path><\/svg><\/span><span class=\"uagb-icon-list__label\">\u0130leti\u015fim 0216 488 58 81 \u2013 0216 488 53 71<\/span><\/div>\n<\/div><\/div>\n<\/div><\/div>\n\n\n\n<div class=\"wp-block-uagb-container uagb-layout-grid uagb-block-91354ebe alignfull uagb-is-root-container\"><div class=\"uagb-container-inner-blocks-wrap\">\n<div class=\"wp-block-uagb-info-box uagb-block-dc8c7406 uagb-infobox__content-wrap  uagb-infobox-icon-above-title uagb-infobox-image-valign-top wp-block-uagb-info-box--has-margin\"><div class=\"uagb-infobox-margin-wrapper\"><div class=\"uagb-ifb-content\"><div class=\"uagb-ifb-image-content\"><img decoding=\"async\" src=\"https:\/\/xn--mtkalejeneratr-7pb.com\/wp-content\/uploads\/2022\/12\/location-icon.png\" alt=\"\" width=\"24\" height=\"24\" loading=\"lazy\"\/><\/div><div class=\"uagb-ifb-title-wrap\"><h3 class=\"uagb-ifb-title\">Lokasyon<\/h3><\/div><p class=\"uagb-ifb-desc\">Esentepe mah Anayurt cad 21\/A Kartal\/\u0130stanbul<br><br><br><br><br><\/p><\/div><\/div><\/div>\n\n\n\n<div class=\"wp-block-uagb-info-box uagb-block-8cb0be7a uagb-infobox__content-wrap  uagb-infobox-icon-above-title uagb-infobox-image-valign-top wp-block-uagb-info-box--has-margin\"><div class=\"uagb-infobox-margin-wrapper\"><div class=\"uagb-ifb-content\"><div class=\"uagb-ifb-image-content\"><img decoding=\"async\" src=\"https:\/\/xn--mtkalejeneratr-7pb.com\/wp-content\/uploads\/2022\/12\/clock-icon.png\" alt=\"\" width=\"24\" height=\"24\" loading=\"lazy\"\/><\/div><div class=\"uagb-ifb-title-wrap\"><h3 class=\"uagb-ifb-title\">\u00c7al\u0131\u015fma Saatlerimiz<\/h3><\/div><p class=\"uagb-ifb-desc\">7\/24<\/p><\/div><\/div><\/div>\n\n\n\n<div class=\"wp-block-uagb-info-box uagb-block-fa444087 uagb-infobox__content-wrap  uagb-infobox-icon-above-title uagb-infobox-image-valign-top wp-block-uagb-info-box--has-margin\"><div class=\"uagb-infobox-margin-wrapper\"><div class=\"uagb-ifb-content\"><div class=\"uagb-ifb-image-content\"><img decoding=\"async\" src=\"https:\/\/xn--mtkalejeneratr-7pb.com\/wp-content\/uploads\/2022\/12\/phone-icon.png\" alt=\"\" width=\"24\" height=\"24\" loading=\"lazy\"\/><\/div><div class=\"uagb-ifb-title-wrap\"><h3 class=\"uagb-ifb-title\">Telefon Numaralar\u0131m\u0131z<\/h3><\/div><p class=\"uagb-ifb-desc\">0216 488 58 81<br>0216 488 53 71<\/p><\/div><\/div><\/div>\n<\/div><\/div>\n\n\n\t\t\t<div \n\t\t\tclass=\"wp-block-uagb-google-map uagb-google-map__wrap uagb-block-bb9fab8e     \"\n\t\t\tstyle=\"\" >\n\t\t\t\t<embed\n\t\t\t\t\tclass=\"uagb-google-map__iframe\"\n\t\t\t\t\ttitle=\"Google Map for \"\n\t\t\t\t\tsrc=\"https:\/\/maps.google.com\/maps?q=Brainstorm%20Force&#038;z=12&#038;hl=en&#038;t=m&#038;output=embed&#038;iwloc=near\"\n\t\t\t\t\twidth=\"640\"\n\t\t\t\t\theight=\"300\"\n\t\t\t\t\tloading=\"lazy\"\n\t\t\t\t><\/embed>\n\t\t\t<\/div>\n\t\t\t\n\n\n<div class=\"wp-block-uagb-container uagb-block-3402cd63 alignfull uagb-is-root-container\"><\/div>\n\n\n\n<div class=\"wp-block-uagb-container uagb-layout-grid uagb-block-d9b8e584 alignfull uagb-is-root-container\"><div class=\"uagb-container-inner-blocks-wrap\">\n<div class=\"wp-block-uagb-image alignleft uagb-block-41bcd3ec wp-block-uagb-image--layout-default wp-block-uagb-image--effect-static wp-block-uagb-image--align-left\"><figure class=\"wp-block-uagb-image__figure\"><img decoding=\"async\" srcset=\"https:\/\/xn--mtkalejeneratr-7pb.com\/wp-content\/uploads\/2022\/12\/ac-technician-woman-1.png ,https:\/\/xn--mtkalejeneratr-7pb.com\/wp-content\/uploads\/2022\/12\/ac-technician-woman-1.png 780w, https:\/\/xn--mtkalejeneratr-7pb.com\/wp-content\/uploads\/2022\/12\/ac-technician-woman-1.png 360w\" sizes=\"auto, (max-width: 480px) 150px\" src=\"https:\/\/xn--mtkalejeneratr-7pb.com\/wp-content\/uploads\/2022\/12\/ac-technician-woman-1.png\" alt=\"\" class=\"uag-image-456\" width=\"440\" height=\"552\" title=\"\" loading=\"lazy\" role=\"img\"\/><\/figure><\/div>\n\n\n\n<div class=\"wp-block-uagb-container uagb-block-16097d94\">\n<div class=\"wp-block-uagb-advanced-heading uagb-block-1848efc6\"><h2 class=\"uagb-heading-text\">Size yard\u0131mc\u0131 olmak i\u00e7in buraday\u0131z<\/h2><p class=\"uagb-desc-text\">A\u015fa\u011f\u0131 k\u0131s\u0131mdan veya telefon numaram\u0131zdan bizimle ileti\u015fime ge\u00e7ebilirsiniz.<\/p><\/div>\n\n\n\n<div class=\"wp-block-uagb-forms uagb-forms__outer-wrap uagb-block-44ab3d48 uagb-forms__medium-btn\"><form class=\"uagb-forms-main-form\" method=\"post\" autocomplete=\"on\" name=\"uagb-form-44ab3d48\">\n<div class=\"wp-block-uagb-forms-email uagb-forms-email-wrap uagb-forms-field-set uagb-block-0e672910\"><div class=\"uagb-forms-email-label  uagb-forms-input-label\" id=\"0e672910\">Email<\/div><input type=\"email\" class=\"uagb-forms-email-input uagb-forms-input\" placeholder=\"Your Email Address\" name=\"0e672910\" autocomplete=\"email\"\/><\/div>\n\n\n\n<div class=\"wp-block-uagb-forms-name uagb-forms-name-wrap uagb-forms-field-set uagb-block-c3c3cc62\"><div class=\"uagb-forms-name-label  uagb-forms-input-label\" id=\"c3c3cc62\">Subject<\/div><input type=\"text\" placeholder=\"Subject\" class=\"uagb-forms-name-input uagb-forms-input\" name=\"c3c3cc62\" autocomplete=\"off\"\/><\/div>\n\n\n\n<div class=\"wp-block-uagb-forms-textarea uagb-forms-textarea-wrap uagb-forms-field-set uagb-block-dd44cbd4\"><div class=\"uagb-forms-textarea-label  uagb-forms-input-label\" id=\"dd44cbd4\">Message<\/div><textarea class=\"uagb-forms-textarea-input uagb-forms-input\" rows=\"4\" placeholder=\"Your Message\" name=\"dd44cbd4\" autocomplete=\"off\"><\/textarea><\/div>\n<div class=\"uagb-forms-form-hidden-data\"><input type=\"hidden\" class=\"uagb_forms_form_label\" value=\"Spectra Form\"\/><input type=\"hidden\" class=\"uagb_forms_form_id\" value=\"uagb-form-44ab3d48\"\/><\/div><div class=\"uagb-form-reacaptcha-error-44ab3d48\"><\/div><div class=\"uagb-forms-main-submit-button-wrap wp-block-button\"><button class=\"uagb-forms-main-submit-button wp-block-button__link\"><div class=\"uagb-forms-main-submit-button-text\">Sorular\u0131n\u0131z\u0131 bana sorun<\/div><\/button><\/div><\/form><div class=\"uagb-forms-success-message-44ab3d48 uagb-forms-submit-message-hide\"><span>The form has been submitted successfully!<\/span><\/div><div class=\"uagb-forms-failed-message-44ab3d48 uagb-forms-submit-message-hide\"><span>There has been some error while submitting the form. Please verify all form fields again.<\/span><\/div><\/div>\n<\/div>\n<\/div><\/div>\n\n\n\n<p><\/p>\n","protected":false},"excerpt":{"rendered":"<p>Bize Ula\u015f\u0131n Size yard\u0131mc\u0131 olmak i\u00e7in buraday\u0131z A\u015fa\u011f\u0131 k\u0131s\u0131mdan veya telefon numaram\u0131zdan bizimle ileti\u015fime ge\u00e7ebilirsiniz.<\/p>\n","protected":false},"author":1,"featured_media":0,"parent":0,"menu_order":0,"comment_status":"closed","ping_status":"closed","template":"","meta":{"_uag_custom_page_level_css":"","site-sidebar-layout":"default","site-content-layout":"","ast-site-content-layout":"default","site-content-style":"default","site-sidebar-style":"default","ast-global-header-display":"","ast-banner-title-visibility":"","ast-main-header-display":"","ast-hfb-above-header-display":"","ast-hfb-below-header-display":"","ast-hfb-mobile-header-display":"","site-post-title":"disabled","ast-breadcrumbs-content":"","ast-featured-img":"","footer-sml-layout":"","theme-transparent-header-meta":"","adv-header-id-meta":"","stick-header-meta":"","header-above-stick-meta":"","header-main-stick-meta":"","header-below-stick-meta":"","astra-migrate-meta-layouts":"set","ast-page-background-enabled":"default","ast-page-background-meta":{"desktop":{"background-color":"var(--ast-global-color-4)","background-image":"","background-repeat":"repeat","background-position":"center center","background-size":"auto","background-attachment":"scroll","background-type":"","background-media":"","overlay-type":"","overlay-color":"","overlay-opacity":"","overlay-gradient":""},"tablet":{"background-color":"","background-image":"","background-repeat":"repeat","background-position":"center center","background-size":"auto","background-attachment":"scroll","background-type":"","background-media":"","overlay-type":"","overlay-color":"","overlay-opacity":"","overlay-gradient":""},"mobile":{"background-color":"","background-image":"","background-repeat":"repeat","background-position":"center center","background-size":"auto","background-attachment":"scroll","background-type":"","background-media":"","overlay-type":"","overlay-color":"","overlay-opacity":"","overlay-gradient":""}},"ast-content-background-meta":{"desktop":{"background-color":"var(--ast-global-color-5)","background-image":"","background-repeat":"repeat","background-position":"center center","background-size":"auto","background-attachment":"scroll","background-type":"","background-media":"","overlay-type":"","overlay-color":"","overlay-opacity":"","overlay-gradient":""},"tablet":{"background-color":"var(--ast-global-color-5)","background-image":"","background-repeat":"repeat","background-position":"center center","background-size":"auto","background-attachment":"scroll","background-type":"","background-media":"","overlay-type":"","overlay-color":"","overlay-opacity":"","overlay-gradient":""},"mobile":{"background-color":"var(--ast-global-color-5)","background-image":"","background-repeat":"repeat","background-position":"center center","background-size":"auto","background-attachment":"scroll","background-type":"","background-media":"","overlay-type":"","overlay-color":"","overlay-opacity":"","overlay-gradient":""}},"footnotes":""},"class_list":["post-17","page","type-page","status-publish","hentry"],"aioseo_notices":[],"_hostinger_reach_plugin_has_subscription_block":false,"_hostinger_reach_plugin_is_elementor":false,"uagb_featured_image_src":{"full":false,"thumbnail":false,"medium":false,"medium_large":false,"large":false,"1536x1536":false,"2048x2048":false},"uagb_author_info":{"display_name":"mertpekmezci@hotmail.com","author_link":"https:\/\/xn--mtkalejeneratr-7pb.com\/?author=1"},"uagb_comment_info":0,"uagb_excerpt":"Bize Ula\u015f\u0131n Size yard\u0131mc\u0131 olmak i\u00e7in buraday\u0131z A\u015fa\u011f\u0131 k\u0131s\u0131mdan veya telefon numaram\u0131zdan bizimle ileti\u015fime ge\u00e7ebilirsiniz.","_links":{"self":[{"href":"https:\/\/xn--mtkalejeneratr-7pb.com\/index.php?rest_route=\/wp\/v2\/pages\/17","targetHints":{"allow":["GET"]}}],"collection":[{"href":"https:\/\/xn--mtkalejeneratr-7pb.com\/index.php?rest_route=\/wp\/v2\/pages"}],"about":[{"href":"https:\/\/xn--mtkalejeneratr-7pb.com\/index.php?rest_route=\/wp\/v2\/types\/page"}],"author":[{"embeddable":true,"href":"https:\/\/xn--mtkalejeneratr-7pb.com\/index.php?rest_route=\/wp\/v2\/users\/1"}],"replies":[{"embeddable":true,"href":"https:\/\/xn--mtkalejeneratr-7pb.com\/index.php?rest_route=%2Fwp%2Fv2%2Fcomments&post=17"}],"version-history":[{"count":7,"href":"https:\/\/xn--mtkalejeneratr-7pb.com\/index.php?rest_route=\/wp\/v2\/pages\/17\/revisions"}],"predecessor-version":[{"id":1093,"href":"https:\/\/xn--mtkalejeneratr-7pb.com\/index.php?rest_route=\/wp\/v2\/pages\/17\/revisions\/1093"}],"wp:attachment":[{"href":"https:\/\/xn--mtkalejeneratr-7pb.com\/index.php?rest_route=%2Fwp%2Fv2%2Fmedia&parent=17"}],"curies":[{"name":"wp","href":"https:\/\/api.w.org\/{rel}","templated":true}]}}