{"id":15,"date":"2025-08-10T08:47:15","date_gmt":"2025-08-10T08:47:15","guid":{"rendered":"https:\/\/xn--mtkalejeneratr-7pb.com\/services\/"},"modified":"2025-08-27T16:51:57","modified_gmt":"2025-08-27T13:51:57","slug":"servislerimiz","status":"publish","type":"page","link":"https:\/\/xn--mtkalejeneratr-7pb.com\/?page_id=15","title":{"rendered":"Servislerimiz"},"content":{"rendered":"\n<div class=\"wp-block-uagb-container uagb-block-40410bba alignfull uagb-is-root-container\"><div class=\"uagb-container-inner-blocks-wrap\">\n<div class=\"wp-block-uagb-advanced-heading uagb-block-53f67c32\"><h1 class=\"uagb-heading-text\">Servis\u200b<\/h1><\/div>\n<\/div><\/div>\n\n\n\n<div class=\"wp-block-uagb-container uagb-block-37911020 alignfull uagb-is-root-container\"><div class=\"uagb-container-inner-blocks-wrap\">\n<div class=\"wp-block-uagb-advanced-heading uagb-block-64c7be02\"><h2 class=\"uagb-heading-text\">Hizmetlerimiz<\/h2><\/div>\n\n\n\n<div class=\"wp-block-uagb-container uagb-layout-grid uagb-block-fdbdb32d\">\n<div class=\"wp-block-uagb-info-box uagb-block-3a1f27c2 uagb-infobox__content-wrap  uagb-infobox-icon-above-title uagb-infobox-image-valign-top wp-block-uagb-info-box--has-margin\"><div class=\"uagb-infobox-margin-wrapper\"><div class=\"uagb-ifb-content\"><div class=\"uagb-ifb-image-content\"><img decoding=\"async\" src=\"https:\/\/xn--mtkalejeneratr-7pb.com\/wp-content\/uploads\/2022\/12\/system-man.png\" alt=\"\" width=\"18\" height=\"18\" loading=\"lazy\"\/><\/div><div class=\"uagb-ifb-title-wrap\"><h5 class=\"uagb-ifb-title\">D\u0130ZEL JENERAT\u00d6R SATI\u015e<\/h5><\/div><p class=\"uagb-ifb-desc\">\u0130ster Avrupa veya Amerikan motorlu \u0130ster \u00c7in veya Uzakdo\u011fu motorlu jenerat\u00f6rlerin sat\u0131\u015f\u0131 ve montaj\u0131<\/p><\/div><\/div><\/div>\n\n\n\n<div class=\"wp-block-uagb-info-box uagb-block-35710958 uagb-infobox__content-wrap  uagb-infobox-icon-above-title uagb-infobox-image-valign-top wp-block-uagb-info-box--has-margin\"><div class=\"uagb-infobox-margin-wrapper\"><div class=\"uagb-ifb-content\"><div class=\"uagb-ifb-image-content\"><img decoding=\"async\" src=\"https:\/\/xn--mtkalejeneratr-7pb.com\/wp-content\/uploads\/2022\/12\/system.png\" alt=\"\" width=\"18\" height=\"18\" loading=\"lazy\"\/><\/div><div class=\"uagb-ifb-title-wrap\"><h5 class=\"uagb-ifb-title\">PORTAT\u0130F JENERAT\u00d6R<\/h5><\/div><p class=\"uagb-ifb-desc\">1 kVA dan 13 kVA ya kadar dizel ve benzinli \u00e7e\u015fitleriyle kullan\u0131\u015fl\u0131 jenerat\u00f6rler<\/p><\/div><\/div><\/div>\n\n\n\n<div class=\"wp-block-uagb-info-box uagb-block-1ece0c22 uagb-infobox__content-wrap  uagb-infobox-icon-above-title uagb-infobox-image-valign-top wp-block-uagb-info-box--has-margin\"><div class=\"uagb-infobox-margin-wrapper\"><div class=\"uagb-ifb-content\"><div class=\"uagb-ifb-image-content\"><img decoding=\"async\" src=\"https:\/\/xn--mtkalejeneratr-7pb.com\/wp-content\/uploads\/2022\/12\/pipes.png\" alt=\"\" width=\"19\" height=\"19\" loading=\"lazy\"\/><\/div><div class=\"uagb-ifb-title-wrap\"><h5 class=\"uagb-ifb-title\">F\u0130LTREL\u0130 BAKIM<\/h5><\/div><p class=\"uagb-ifb-desc\">Jenerat\u00f6rlerin uzun soluklu olmas\u0131 i\u00e7in en az y\u0131lda bir yap\u0131lmas\u0131 gereken bak\u0131m<\/p><\/div><\/div><\/div>\n\n\n\n<div class=\"wp-block-uagb-info-box uagb-block-f4aa0389 uagb-infobox__content-wrap  uagb-infobox-icon-above-title uagb-infobox-image-valign-top wp-block-uagb-info-box--has-margin\"><div class=\"uagb-infobox-margin-wrapper\"><div class=\"uagb-ifb-content\"><div class=\"uagb-ifb-image-content\"><img decoding=\"async\" src=\"https:\/\/xn--mtkalejeneratr-7pb.com\/wp-content\/uploads\/2022\/12\/exhuast-fan.png\" alt=\"\" width=\"25\" height=\"25\" loading=\"lazy\"\/><\/div><div class=\"uagb-ifb-title-wrap\"><h5 class=\"uagb-ifb-title\">PER\u0130YOD\u0130K BAKIM<\/h5><\/div><p class=\"uagb-ifb-desc\">Jenerat\u00f6rlerin bak\u0131m\u0131n\u0131n s\u00fcrekli\u011finin \u00f6nemi i\u00e7in y\u0131lda 12 veya 6 kez bak\u0131lmas\u0131<\/p><\/div><\/div><\/div>\n\n\n\n<div class=\"wp-block-uagb-info-box uagb-block-57d13020 uagb-infobox__content-wrap  uagb-infobox-icon-above-title uagb-infobox-image-valign-top wp-block-uagb-info-box--has-margin\"><div class=\"uagb-infobox-margin-wrapper\"><div class=\"uagb-ifb-content\"><div class=\"uagb-ifb-image-content\"><img decoding=\"async\" src=\"https:\/\/xn--mtkalejeneratr-7pb.com\/wp-content\/uploads\/2022\/12\/kitchen-fan.png\" alt=\"\" width=\"19\" height=\"19\" loading=\"lazy\"\/><\/div><div class=\"uagb-ifb-title-wrap\"><h5 class=\"uagb-ifb-title\">K\u0130RALAMA<\/h5><\/div><p class=\"uagb-ifb-desc\">\u0130htiya\u00e7 has\u0131l olan yerler i\u00e7in k\u0131sa d\u00f6nemli veya uzun d\u00f6nemli jenerat\u00f6r\u00fc almadan kiralanabilmesi<\/p><\/div><\/div><\/div>\n\n\n\n<div class=\"wp-block-uagb-info-box uagb-block-6f7335b8 uagb-infobox__content-wrap  uagb-infobox-icon-above-title uagb-infobox-image-valign-top wp-block-uagb-info-box--has-margin\"><div class=\"uagb-infobox-margin-wrapper\"><div class=\"uagb-ifb-content\"><div class=\"uagb-ifb-image-content\"><img decoding=\"async\" src=\"https:\/\/xn--mtkalejeneratr-7pb.com\/wp-content\/uploads\/2022\/12\/systems.png\" alt=\"\" width=\"19\" height=\"19\" loading=\"lazy\"\/><\/div><div class=\"uagb-ifb-title-wrap\"><h5 class=\"uagb-ifb-title\">2. EL<\/h5><\/div><p class=\"uagb-ifb-desc\">Firmam\u0131z b\u00fcnyesinde \u00e7al\u0131\u015ft\u0131\u011f\u0131m\u0131z firmalardan yenilemek ama\u00e7l\u0131 ald\u0131\u011f\u0131m\u0131z jenerat\u00f6rler. Bunlar\u0131n bak\u0131m ve ihtiya\u00e7lar\u0131 daha \u00f6ncesi bilinen jenerat\u00f6rler oldu\u011fu i\u00e7in ge\u00e7mi\u015fi bilinen 2. Eller<\/p><\/div><\/div><\/div>\n<\/div>\n<\/div><\/div>\n\n\n\n<div class=\"wp-block-uagb-container uagb-layout-grid uagb-block-479cb1cf alignfull uagb-is-root-container\"><div class=\"uagb-container-inner-blocks-wrap\">\n<div class=\"wp-block-uagb-image uagb-block-97ace3cc wp-block-uagb-image--layout-default wp-block-uagb-image--effect-static wp-block-uagb-image--align-none\"><figure class=\"wp-block-uagb-image__figure\"><img decoding=\"async\" srcset=\"https:\/\/xn--mtkalejeneratr-7pb.com\/wp-content\/uploads\/2022\/12\/ac-technician-woman-1.png ,https:\/\/xn--mtkalejeneratr-7pb.com\/wp-content\/uploads\/2022\/12\/ac-technician-woman-1.png 780w, https:\/\/xn--mtkalejeneratr-7pb.com\/wp-content\/uploads\/2022\/12\/ac-technician-woman-1.png 360w\" sizes=\"auto, (max-width: 480px) 150px\" src=\"https:\/\/xn--mtkalejeneratr-7pb.com\/wp-content\/uploads\/2022\/12\/ac-technician-woman-1.png\" alt=\"\" class=\"uag-image-456\" width=\"566\" height=\"694\" title=\"\" loading=\"lazy\" role=\"img\"\/><\/figure><\/div>\n\n\n\n<div class=\"wp-block-uagb-container uagb-block-d1051689\">\n<div class=\"wp-block-uagb-advanced-heading uagb-block-11201cf8\"><h2 class=\"uagb-heading-text\">S\u0131k\u00e7a Sorulan Sorular<\/h2><\/div>\n\n\n<div class=\"wp-block-uagb-faq uagb-faq__outer-wrap uagb-block-f833a6ad uagb-faq-icon-row-reverse uagb-faq-layout-accordion uagb-faq-expand-first-false uagb-faq-inactive-other-true uagb-faq__wrap uagb-buttons-layout-wrap uagb-faq-equal-height     \" data-faqtoggle=\"true\" role=\"tablist\"><div class=\"wp-block-uagb-faq-child uagb-faq-child__outer-wrap uagb-faq-item uagb-block-47d53bf0 \" role=\"tab\" tabindex=\"0\"><div class=\"uagb-faq-questions-button uagb-faq-questions\">\t\t\t<span class=\"uagb-icon uagb-faq-icon-wrap\">\n\t\t\t\t\t\t\t<\/span>\n\t\t\t\t\t\t<span class=\"uagb-icon-active uagb-faq-icon-wrap\">\n\t\t\t\t\t\t\t\t<svg xmlns=\"https:\/\/www.w3.org\/2000\/svg\" viewBox= \"0 0 320 512\"><path d=\"M9.39 265.4l127.1-128C143.6 131.1 151.8 128 160 128s16.38 3.125 22.63 9.375l127.1 128c9.156 9.156 11.9 22.91 6.943 34.88S300.9 320 287.1 320H32.01c-12.94 0-24.62-7.781-29.58-19.75S.2333 274.5 9.39 265.4z\"><\/path><\/svg>\n\t\t\t\t\t\t\t<\/span>\n\t\t\t<span class=\"uagb-question\">Bir apartman dairesine ka\u00e7 kVA l\u0131k jenerat\u00f6r yeter?<\/span><\/div><div class=\"uagb-faq-content\"><p>G\u00fcn\u00fcm\u00fcz apartman ko\u015fullar\u0131nda, led kullan\u0131m ayd\u0131nlatma, buzdolab\u0131, \u00e7ama\u015f\u0131r ve bula\u015f\u0131k makinalar\u0131, televizyon, \u00fct\u00fc ve klimadan olu\u015fan yeni dairemizde 10 ila 15 kVA ya kadar jenerat\u00f6r ihtiyac\u0131 kar\u015f\u0131lamaya yetecektir. <a>Ancak jenerat\u00f6r almadan \u00f6nce servisinizle ileti\u015fime ge\u00e7erek \u00f6l\u00e7\u00fcm yapt\u0131rman\u0131z\u0131 \u00f6nemle tavsiye ediyoruz<\/a>.<\/p><\/div><\/div><div class=\"wp-block-uagb-faq-child uagb-faq-child__outer-wrap uagb-faq-item uagb-block-839b0cfe \" role=\"tab\" tabindex=\"0\"><div class=\"uagb-faq-questions-button uagb-faq-questions\">\t\t\t<span class=\"uagb-icon uagb-faq-icon-wrap\">\n\t\t\t\t\t\t\t<\/span>\n\t\t\t\t\t\t<span class=\"uagb-icon-active uagb-faq-icon-wrap\">\n\t\t\t\t\t\t\t\t<svg xmlns=\"https:\/\/www.w3.org\/2000\/svg\" viewBox= \"0 0 320 512\"><path d=\"M9.39 265.4l127.1-128C143.6 131.1 151.8 128 160 128s16.38 3.125 22.63 9.375l127.1 128c9.156 9.156 11.9 22.91 6.943 34.88S300.9 320 287.1 320H32.01c-12.94 0-24.62-7.781-29.58-19.75S.2333 274.5 9.39 265.4z\"><\/path><\/svg>\n\t\t\t\t\t\t\t<\/span>\n\t\t\t<span class=\"uagb-question\">Bir apartmanda genel elektrik kesintisi i\u00e7in ka\u00e7 kVA l\u0131k bir jenerat\u00f6re ihtiya\u00e7 vard\u0131r.<\/span><\/div><div class=\"uagb-faq-content\"><p>\u00d6rnek vermek gerekirse 8 katl\u0131 ve 16 daireli bir bina i\u00e7in; tek asans\u00f6rl\u00fc, yang\u0131n ve hidrofor pompal\u0131, giri\u015f, bah\u00e7e ve ortak kullan\u0131m ayarlar\u0131 ile dairelere 210 ila 300 kVA aras\u0131 bir jenerat\u00f6r yetecektir. Ancak jenerat\u00f6r almadan \u00f6nce servisinizle ileti\u015fime ge\u00e7erek \u00f6l\u00e7\u00fcm yapt\u0131rman\u0131z\u0131 \u00f6nemle tavsiye ediyoruz.<\/p><\/div><\/div><div class=\"wp-block-uagb-faq-child uagb-faq-child__outer-wrap uagb-faq-item uagb-block-f6fc6c68 \" role=\"tab\" tabindex=\"0\"><div class=\"uagb-faq-questions-button uagb-faq-questions\">\t\t\t<span class=\"uagb-icon uagb-faq-icon-wrap\">\n\t\t\t\t\t\t\t<\/span>\n\t\t\t\t\t\t<span class=\"uagb-icon-active uagb-faq-icon-wrap\">\n\t\t\t\t\t\t\t\t<svg xmlns=\"https:\/\/www.w3.org\/2000\/svg\" viewBox= \"0 0 320 512\"><path d=\"M9.39 265.4l127.1-128C143.6 131.1 151.8 128 160 128s16.38 3.125 22.63 9.375l127.1 128c9.156 9.156 11.9 22.91 6.943 34.88S300.9 320 287.1 320H32.01c-12.94 0-24.62-7.781-29.58-19.75S.2333 274.5 9.39 265.4z\"><\/path><\/svg>\n\t\t\t\t\t\t\t<\/span>\n\t\t\t<span class=\"uagb-question\">Jenerat\u00f6r\u00fcn bak\u0131m\u0131n\u0131 ne s\u0131kl\u0131kla yapmam gerekir?<\/span><\/div><div class=\"uagb-faq-content\"><p>Jenerat\u00f6rler 200 saat veya 200 saati doldurmad\u0131ysa y\u0131lda bir sefer a\u011f\u0131r bak\u0131m diye ifade edilen filtreli bak\u0131m yap\u0131lmas\u0131 gerekmektedir. Bununla beraber tercihen ayda bir veya iki ayda bir de periyodik bak\u0131m yap\u0131lmas\u0131; jenerat\u00f6r\u00fcn \u00f6mr\u00fcn\u00fcn sa\u011fl\u0131kl\u0131 ve uzun olmas\u0131 gereklidir.<\/p><\/div><\/div><div class=\"wp-block-uagb-faq-child uagb-faq-child__outer-wrap uagb-faq-item uagb-block-a03fa462 \" role=\"tab\" tabindex=\"0\"><div class=\"uagb-faq-questions-button uagb-faq-questions\">\t\t\t<span class=\"uagb-icon uagb-faq-icon-wrap\">\n\t\t\t\t\t\t\t<\/span>\n\t\t\t\t\t\t<span class=\"uagb-icon-active uagb-faq-icon-wrap\">\n\t\t\t\t\t\t\t\t<svg xmlns=\"https:\/\/www.w3.org\/2000\/svg\" viewBox= \"0 0 320 512\"><path d=\"M9.39 265.4l127.1-128C143.6 131.1 151.8 128 160 128s16.38 3.125 22.63 9.375l127.1 128c9.156 9.156 11.9 22.91 6.943 34.88S300.9 320 287.1 320H32.01c-12.94 0-24.62-7.781-29.58-19.75S.2333 274.5 9.39 265.4z\"><\/path><\/svg>\n\t\t\t\t\t\t\t<\/span>\n\t\t\t<span class=\"uagb-question\">Bir jenerat\u00f6r ka\u00e7 beygir g\u00fcc\u00fcndedir?<\/span><\/div><div class=\"uagb-faq-content\"><p>Jenerat\u00f6rlerde de\u011ferler \u00e7\u0131kard\u0131\u011f\u0131 g\u00fc\u00e7le ve alternat\u00f6r \u00fczerinden \u00fcretti\u011fi g\u00fc\u00e7 ile kVA veya Amper olarak hesaplan\u0131r. Amper hesab\u0131 teknik personelin hesap etti\u011fi bir \u00f6l\u00e7\u00fcd\u00fcr. Firmalar\u0131n \u00fcretti\u011fi g\u00fc\u00e7 i\u00e7inde kVA kullan\u0131l\u0131r. Mesela 300 kVA bir jenerat\u00f6r gibi.<\/p><\/div><\/div><\/div><\/div>\n<\/div><\/div>\n\n\n\n<div class=\"wp-block-uagb-container uagb-block-1477611e alignfull uagb-is-root-container\"><div class=\"uagb-container-inner-blocks-wrap\">\n<div class=\"wp-block-uagb-image uagb-block-a641e750 wp-block-uagb-image--layout-default wp-block-uagb-image--effect-static wp-block-uagb-image--align-none\"><figure class=\"wp-block-uagb-image__figure\"><img decoding=\"async\" srcset=\"https:\/\/xn--mtkalejeneratr-7pb.com\/wp-content\/uploads\/2025\/08\/Ekran-goruntusu-2025-08-27-151858.png ,https:\/\/xn--mtkalejeneratr-7pb.com\/wp-content\/uploads\/2025\/08\/Ekran-goruntusu-2025-08-27-151858.png 780w, https:\/\/xn--mtkalejeneratr-7pb.com\/wp-content\/uploads\/2025\/08\/Ekran-goruntusu-2025-08-27-151858.png 360w\" sizes=\"auto, (max-width: 480px) 150px\" src=\"https:\/\/xn--mtkalejeneratr-7pb.com\/wp-content\/uploads\/2025\/08\/Ekran-goruntusu-2025-08-27-151858.png\" alt=\"\" class=\"uag-image-1049\" width=\"85\" height=\"90\" title=\"Ekran g\u00f6r\u00fcnt\u00fcs\u00fc 2025-08-27 151858\" loading=\"lazy\" role=\"img\"\/><\/figure><\/div>\n\n\n\n<div class=\"wp-block-uagb-image uagb-block-e21bcdf3 wp-block-uagb-image--layout-default wp-block-uagb-image--effect-static wp-block-uagb-image--align-none\"><figure class=\"wp-block-uagb-image__figure\"><img decoding=\"async\" srcset=\"https:\/\/xn--mtkalejeneratr-7pb.com\/wp-content\/uploads\/2025\/08\/Ekran-goruntusu-2025-08-26-142355.png ,https:\/\/xn--mtkalejeneratr-7pb.com\/wp-content\/uploads\/2025\/08\/Ekran-goruntusu-2025-08-26-142355.png 780w, https:\/\/xn--mtkalejeneratr-7pb.com\/wp-content\/uploads\/2025\/08\/Ekran-goruntusu-2025-08-26-142355.png 360w\" sizes=\"auto, (max-width: 480px) 150px\" src=\"https:\/\/xn--mtkalejeneratr-7pb.com\/wp-content\/uploads\/2025\/08\/Ekran-goruntusu-2025-08-26-142355.png\" alt=\"\" class=\"uag-image-1033\" width=\"173\" height=\"106\" title=\"Ekran g\u00f6r\u00fcnt\u00fcs\u00fc 2025-08-26 142355\" loading=\"lazy\" role=\"img\"\/><\/figure><\/div>\n\n\n\n<div class=\"wp-block-uagb-image uagb-block-31b88cb1 wp-block-uagb-image--layout-default wp-block-uagb-image--effect-static wp-block-uagb-image--align-none\"><figure class=\"wp-block-uagb-image__figure\"><img decoding=\"async\" srcset=\"https:\/\/xn--mtkalejeneratr-7pb.com\/wp-content\/uploads\/2025\/08\/Ekran-goruntusu-2025-08-27-102849.png ,https:\/\/xn--mtkalejeneratr-7pb.com\/wp-content\/uploads\/2025\/08\/Ekran-goruntusu-2025-08-27-102849.png 780w, https:\/\/xn--mtkalejeneratr-7pb.com\/wp-content\/uploads\/2025\/08\/Ekran-goruntusu-2025-08-27-102849.png 360w\" sizes=\"auto, (max-width: 480px) 150px\" src=\"https:\/\/xn--mtkalejeneratr-7pb.com\/wp-content\/uploads\/2025\/08\/Ekran-goruntusu-2025-08-27-102849.png\" alt=\"\" class=\"uag-image-1038\" width=\"111\" height=\"109\" title=\"Ekran g\u00f6r\u00fcnt\u00fcs\u00fc 2025-08-27 102849\" loading=\"lazy\" role=\"img\"\/><\/figure><\/div>\n\n\n\n<div class=\"wp-block-uagb-image uagb-block-297aa1c1 wp-block-uagb-image--layout-default wp-block-uagb-image--effect-static wp-block-uagb-image--align-none\"><figure class=\"wp-block-uagb-image__figure\"><img decoding=\"async\" srcset=\"https:\/\/xn--mtkalejeneratr-7pb.com\/wp-content\/uploads\/2025\/08\/Ekran-goruntusu-2025-08-27-104211.png ,https:\/\/xn--mtkalejeneratr-7pb.com\/wp-content\/uploads\/2025\/08\/Ekran-goruntusu-2025-08-27-104211.png 780w, https:\/\/xn--mtkalejeneratr-7pb.com\/wp-content\/uploads\/2025\/08\/Ekran-goruntusu-2025-08-27-104211.png 360w\" sizes=\"auto, (max-width: 480px) 150px\" src=\"https:\/\/xn--mtkalejeneratr-7pb.com\/wp-content\/uploads\/2025\/08\/Ekran-goruntusu-2025-08-27-104211.png\" alt=\"\" class=\"uag-image-1040\" width=\"176\" height=\"106\" title=\"Ekran g\u00f6r\u00fcnt\u00fcs\u00fc 2025-08-27 104211\" loading=\"lazy\" role=\"img\"\/><\/figure><\/div>\n\n\n\n<div class=\"wp-block-uagb-image uagb-block-b9421c87 wp-block-uagb-image--layout-default wp-block-uagb-image--effect-static wp-block-uagb-image--align-none\"><figure class=\"wp-block-uagb-image__figure\"><img decoding=\"async\" srcset=\"https:\/\/xn--mtkalejeneratr-7pb.com\/wp-content\/uploads\/2025\/08\/Ekran-goruntusu-2025-08-27-104342.png ,https:\/\/xn--mtkalejeneratr-7pb.com\/wp-content\/uploads\/2025\/08\/Ekran-goruntusu-2025-08-27-104342.png 780w, https:\/\/xn--mtkalejeneratr-7pb.com\/wp-content\/uploads\/2025\/08\/Ekran-goruntusu-2025-08-27-104342.png 360w\" sizes=\"auto, (max-width: 480px) 150px\" src=\"https:\/\/xn--mtkalejeneratr-7pb.com\/wp-content\/uploads\/2025\/08\/Ekran-goruntusu-2025-08-27-104342.png\" alt=\"\" class=\"uag-image-1041\" width=\"158\" height=\"107\" title=\"Ekran g\u00f6r\u00fcnt\u00fcs\u00fc 2025-08-27 104342\" loading=\"lazy\" role=\"img\"\/><\/figure><\/div>\n<\/div><\/div>\n\n\n\n<div class=\"wp-block-uagb-container uagb-layout-flex uagb-block-f1b94bb8 alignfull uagb-is-root-container\"><div class=\"uagb-container-inner-blocks-wrap\">\n<div class=\"wp-block-uagb-call-to-action uagb-block-069ef7f7 wp-block-button\"><div class=\"uagb-cta__wrap\"><h3 class=\"uagb-cta__title\">Kalite i\u00e7in ula\u015fabilirsiniz<\/h3><p class=\"uagb-cta__desc\">Click here to change this text. Lorem ipsum dolor sit amet, consectetur adipiscing elit. Ut elit tellus, luctus nec ullamcorper mattis, pulvinar dapibus leo.<\/p><\/div><div class=\"uagb-cta__buttons\"><a href=\"#\" class=\"uagb-cta__button-link-wrapper wp-block-button__link\" target=\"_self\" rel=\"noopener noreferrer\">0216 488 58 81<svg xmlns=\"https:\/\/www.w3.org\/2000\/svg\" viewBox=\"0 0 512 512\"><path d=\"M504.3 273.6l-112.1 104c-6.992 6.484-17.18 8.218-25.94 4.406c-8.758-3.812-14.42-12.45-14.42-21.1L351.9 288H32C14.33 288 .0002 273.7 .0002 255.1S14.33 224 32 224h319.9l0-72c0-9.547 5.66-18.19 14.42-22c8.754-3.809 18.95-2.075 25.94 4.41l112.1 104C514.6 247.9 514.6 264.1 504.3 273.6z\"><\/path><\/svg><\/a><\/div><\/div>\n<\/div><\/div>\n\n\n\n<p><\/p>\n","protected":false},"excerpt":{"rendered":"<p>Servis\u200b Hizmetlerimiz S\u0131k\u00e7a Sorulan Sorular<\/p>\n","protected":false},"author":1,"featured_media":0,"parent":0,"menu_order":0,"comment_status":"closed","ping_status":"closed","template":"","meta":{"_uag_custom_page_level_css":"","site-sidebar-layout":"default","site-content-layout":"","ast-site-content-layout":"default","site-content-style":"default","site-sidebar-style":"default","ast-global-header-display":"","ast-banner-title-visibility":"","ast-main-header-display":"","ast-hfb-above-header-display":"","ast-hfb-below-header-display":"","ast-hfb-mobile-header-display":"","site-post-title":"disabled","ast-breadcrumbs-content":"","ast-featured-img":"","footer-sml-layout":"","theme-transparent-header-meta":"","adv-header-id-meta":"","stick-header-meta":"","header-above-stick-meta":"","header-main-stick-meta":"","header-below-stick-meta":"","astra-migrate-meta-layouts":"set","ast-page-background-enabled":"default","ast-page-background-meta":{"desktop":{"background-color":"var(--ast-global-color-4)","background-image":"","background-repeat":"repeat","background-position":"center center","background-size":"auto","background-attachment":"scroll","background-type":"","background-media":"","overlay-type":"","overlay-color":"","overlay-opacity":"","overlay-gradient":""},"tablet":{"background-color":"","background-image":"","background-repeat":"repeat","background-position":"center center","background-size":"auto","background-attachment":"scroll","background-type":"","background-media":"","overlay-type":"","overlay-color":"","overlay-opacity":"","overlay-gradient":""},"mobile":{"background-color":"","background-image":"","background-repeat":"repeat","background-position":"center center","background-size":"auto","background-attachment":"scroll","background-type":"","background-media":"","overlay-type":"","overlay-color":"","overlay-opacity":"","overlay-gradient":""}},"ast-content-background-meta":{"desktop":{"background-color":"var(--ast-global-color-5)","background-image":"","background-repeat":"repeat","background-position":"center center","background-size":"auto","background-attachment":"scroll","background-type":"","background-media":"","overlay-type":"","overlay-color":"","overlay-opacity":"","overlay-gradient":""},"tablet":{"background-color":"var(--ast-global-color-5)","background-image":"","background-repeat":"repeat","background-position":"center center","background-size":"auto","background-attachment":"scroll","background-type":"","background-media":"","overlay-type":"","overlay-color":"","overlay-opacity":"","overlay-gradient":""},"mobile":{"background-color":"var(--ast-global-color-5)","background-image":"","background-repeat":"repeat","background-position":"center center","background-size":"auto","background-attachment":"scroll","background-type":"","background-media":"","overlay-type":"","overlay-color":"","overlay-opacity":"","overlay-gradient":""}},"footnotes":""},"class_list":["post-15","page","type-page","status-publish","hentry"],"aioseo_notices":[],"_hostinger_reach_plugin_has_subscription_block":false,"_hostinger_reach_plugin_is_elementor":false,"uagb_featured_image_src":{"full":false,"thumbnail":false,"medium":false,"medium_large":false,"large":false,"1536x1536":false,"2048x2048":false},"uagb_author_info":{"display_name":"mertpekmezci@hotmail.com","author_link":"https:\/\/xn--mtkalejeneratr-7pb.com\/?author=1"},"uagb_comment_info":0,"uagb_excerpt":"Servis\u200b Hizmetlerimiz S\u0131k\u00e7a Sorulan Sorular","_links":{"self":[{"href":"https:\/\/xn--mtkalejeneratr-7pb.com\/index.php?rest_route=\/wp\/v2\/pages\/15","targetHints":{"allow":["GET"]}}],"collection":[{"href":"https:\/\/xn--mtkalejeneratr-7pb.com\/index.php?rest_route=\/wp\/v2\/pages"}],"about":[{"href":"https:\/\/xn--mtkalejeneratr-7pb.com\/index.php?rest_route=\/wp\/v2\/types\/page"}],"author":[{"embeddable":true,"href":"https:\/\/xn--mtkalejeneratr-7pb.com\/index.php?rest_route=\/wp\/v2\/users\/1"}],"replies":[{"embeddable":true,"href":"https:\/\/xn--mtkalejeneratr-7pb.com\/index.php?rest_route=%2Fwp%2Fv2%2Fcomments&post=15"}],"version-history":[{"count":11,"href":"https:\/\/xn--mtkalejeneratr-7pb.com\/index.php?rest_route=\/wp\/v2\/pages\/15\/revisions"}],"predecessor-version":[{"id":1084,"href":"https:\/\/xn--mtkalejeneratr-7pb.com\/index.php?rest_route=\/wp\/v2\/pages\/15\/revisions\/1084"}],"wp:attachment":[{"href":"https:\/\/xn--mtkalejeneratr-7pb.com\/index.php?rest_route=%2Fwp%2Fv2%2Fmedia&parent=15"}],"curies":[{"name":"wp","href":"https:\/\/api.w.org\/{rel}","templated":true}]}}